{"id":1254,"date":"2022-06-01T13:41:10","date_gmt":"2022-06-01T13:41:10","guid":{"rendered":"https:\/\/bohinj-apartment.com\/terms-conditions\/"},"modified":"2025-04-25T12:31:45","modified_gmt":"2025-04-25T12:31:45","slug":"terms-conditions","status":"publish","type":"page","link":"https:\/\/bohinj-apartment.com\/en\/terms-conditions\/","title":{"rendered":"Terms &#038; conditions"},"content":{"rendered":"\t\t<div data-elementor-type=\"wp-page\" data-elementor-id=\"1254\" class=\"elementor elementor-1254 elementor-765\">\n\t\t\t\t\t\t<div class=\"elementor-inner\">\n\t\t\t\t<div class=\"elementor-section-wrap\">\n\t\t\t\t\t\t\t\t\t<section class=\"elementor-section elementor-top-section elementor-element elementor-element-fe1b46d elementor-section-boxed elementor-section-height-default elementor-section-height-default\" data-id=\"fe1b46d\" data-element_type=\"section\">\n\t\t\t\t\t\t<div class=\"elementor-container elementor-column-gap-default\">\n\t\t\t\t\t\t\t<div class=\"elementor-row\">\n\t\t\t\t\t<div class=\"elementor-column elementor-col-100 elementor-top-column elementor-element elementor-element-50e0e76\" data-id=\"50e0e76\" data-element_type=\"column\">\n\t\t\t<div class=\"elementor-column-wrap elementor-element-populated\">\n\t\t\t\t\t\t\t<div class=\"elementor-widget-wrap\">\n\t\t\t\t\t\t<div class=\"elementor-element elementor-element-2b2b990 elementor-widget elementor-widget-text-editor\" data-id=\"2b2b990\" data-element_type=\"widget\" data-widget_type=\"text-editor.default\">\n\t\t\t\t<div class=\"elementor-widget-container\">\n\t\t\t\t\t\t\t\t<div class=\"elementor-text-editor elementor-clearfix\">\n\t\t\t\t<p><span style=\"font-weight: 400;\">As used in this Terms of Use, \u201cBohinj Apartment\u201d, \u201cwe\u201d or \u201cus\u201d refers to the Bohinj Apartment, by Tja\u0161a De\u017eelan (incorporated in Slovenia with number 2750937000 and with its registered office at Zloganje 38, 8275 \u0160kocjan).<\/span><\/p><p><span style=\"font-weight: 400;\">In case of unavailable content or website, no matter the reason, we do not assume any legal responsibility. Furthermore, we are not liable in case the website is not available at all time and does not assume any legal responsibility for its accuracy and integrity, which refers to the accuracy, completeness or usefulness of any information on the website in all countries or for any special, indirect or consequential damages or any damages whatsoever, including loss of profits or data.<\/span><\/p><p><span style=\"font-weight: 400;\">All documents, data, information or other material, no matter if written or in picture, on the website www.bohinj-apartment.com are within the legal frame protected by the copyrighted property or other intellectual property right held by Tja\u0161a De\u017eelan, or connected contractual partners, of which content is published on the website www.bohinj-apartment.com. Since development and improvements demand changes in our Terms of Use, we reserve the right to change these terms.<\/span><\/p><p dir=\"ltr\" style=\"line-height: 1.295; margin-top: 0pt; margin-bottom: 8pt;\">\u00a0<\/p><p><b>Terms of use<\/b><\/p><p><span style=\"font-weight: 400;\">With using this website you warrant that you are at least 18 years of age and possess the legal authority to enter into this agreement and to conclude potential agreement with Bohinj Apartment, together with using this Site in accordance with all terms and conditions herein. You agree to be financially responsible for all of your use of this Site (as well as for the use of your account by others, no matter of the age). You confirm to supervise all usage by minors of this website under your name or account. You also guarantee that all information provided by you or a person authorised by you, while using this website, is true and accurate and without limitation, or any false or fraudulent reservation.<\/span><\/p><p><span style=\"font-weight: 400;\">In case of fee for any reservation or other services, you agree to act according to the terms and conditions of the purchase, including, but not limited to, to pay all amounts when due and in compliance with all rules and restrictions regarding availability of rates, products or services. You agree that you are fully responsible for all charges, fees, duties, taxes, and assessments arising from the use of this website. By using this website you agree to pay all outstanding amounts to the hotel and to abide by the booking terms and conditions.<\/span><\/p><p dir=\"ltr\" style=\"line-height: 1.295; margin-top: 0pt; margin-bottom: 8pt;\"><br \/><br \/><br \/><br \/><\/p><p><b>Reservation of services<\/b><\/p><p><span style=\"font-weight: 400;\">Our website offers booking our capacities.<\/span><\/p><p><span style=\"font-weight: 400;\">You can book our capaties via email, through which you can submit your inquiry at info@bohinj-apartment.com, and we can send you our offer. Neither the inquiry nor our reply to it count as a confirmed booking, only your confirmation of the booking or your confirmation of our booking offer does, as this is the most important condition for the validity of the reservation. In case do not receive your confirmation, it shall be considered that the booking was never made.<\/span><\/p><p><span style=\"font-weight: 400;\">On our website we also offer the possibility of direct booking and card payment online. In that case the booking will be confirmed and paid immediately, when you finalise the payment process. By booking our capaties in such way we can of course guarantee that you will receive exactly the accommodation you have chosen.<\/span><\/p><p><span style=\"font-weight: 400;\">In situation when your children will stay with you, please provide us the number and their age. Based on the inserted number and other details on your reservation, the price of your arrangement will be displayed. We would like to inform you that in case of booking and paying online you are considered to have read these terms and conditions and to agree with them.<\/span><\/p><p><span style=\"font-weight: 400;\">In case when a guest shall cancel their reservation, Bohinj Apartment holds the right to reimbursement of the costs arising from the cancellation. Amount of such reimbursement depends on the period, when the guest sends a notice on cancelation and offer, which was booked by the guest:<\/span><\/p><ul><li style=\"font-weight: 400;\" aria-level=\"1\"><span style=\"font-weight: 400;\">Free cancellation between one month or more prior check-in.<\/span><\/li><li style=\"font-weight: 400;\" aria-level=\"1\"><span style=\"font-weight: 400;\">50% of refund if cancelling between 14 days and 29 days.<\/span><\/li><li style=\"font-weight: 400;\" aria-level=\"1\"><span style=\"font-weight: 400;\">No refund if cancelling within 14 days prior to check-in.<\/span><\/li><\/ul><p dir=\"ltr\" style=\"line-height: 1.295; margin-top: 0pt; margin-bottom: 8pt;\">\u00a0<\/p><p><span style=\"font-weight: 400;\">In case of a modification of the reservation at the guest\u2019s discretion or for reasons of force majeure withouth the fault of Bohinj Apartment due to an improperly conducted service, the guest does not have the right to claim any compensation or price reduction.\u00a0<\/span><\/p><p><span style=\"font-weight: 400;\">The guest must inform of the cancellation by notice to info@bohinj-apartment.com.<\/span><\/p><p><span style=\"font-weight: 400;\">All prices of Bohinj Apartment offer already include the value added touristic tax.<\/span><\/p><p dir=\"ltr\" style=\"line-height: 1.295; margin-top: 0pt; margin-bottom: 8pt;\">\u00a0<\/p><p><b>Dogs<\/b><\/p><ul><li><span style=\"font-weight: 400;\"> Dogs of small breeds up to 20 kg are allowed in Apartment Bohinj. Supplement for a pet is 50 euros\/stay. We reserve the right to refuse pets that may be dangerous or disturb the peace of other guests.<\/span><\/li><li><span style=\"font-weight: 400;\"> The owner is responsible for any damage (both material and physical) and stains caused by animals. Apartment Bohinj reserves the right to request reimbursement of costs or request payment of an additional night (due to the inability to rent the apartment). Apartment Bohinj may require the owner of the animal to repair or replace damaged items.<\/span><\/li><li><span style=\"font-weight: 400;\"> Pets must not be left unattended in the apartment.<\/span><\/li><li><span style=\"font-weight: 400;\"> The pet must be clean in the room &#8211; Apartment Bohinj reserves the right to request reimbursement of cleaning costs, if the animal defecates in the apartment.<\/span><\/li><li><span style=\"font-weight: 400;\"> Advance notice and payment for a pet is required.<\/span><\/li><\/ul><p dir=\"ltr\" style=\"line-height: 1.295; margin-top: 0pt; margin-bottom: 8pt;\"><br \/><br \/><\/p><p><b>Intellectual property rights<\/b><\/p><p><span style=\"font-weight: 400;\">This website contains material or information, which are within legal framework protected by the copyright protection or other intellectual property rights, which are owned by Bohinj Apartment. For all these material, information or pictures on this website, anyreproduction or retransmission, other than that for non-commercial individual use, is strictly prohibited.<\/span><\/p><p dir=\"ltr\" style=\"line-height: 1.295; margin-top: 0pt; margin-bottom: 8pt;\">\u00a0<\/p><p><span style=\"font-weight: 400;\">Every reproduction, redistribution, modification or other way of transfer for commercial purposes of any material to any third party without the prior written permission of Bohinj Apartment is stricitly prohibited. Under Bohinj Apartment\u2019s trademark protection are also all logos or other brands, which can be found on this website or websites connected with this, or Bohinj Apartment has the right to use them.<\/span><\/p><p><span style=\"font-weight: 400;\">Bohinj Apartment is aware about the seriousness of personal data, which is why this is taken with all care, and is acting according to relevant legislation, amongst other also the General Data Protection Regulation (the GDPR).<\/span><\/p><p><span style=\"font-weight: 400;\">Terms and Conditions valid from 1.4.2022.<\/span><\/p>\t\t\t\t\t<\/div>\n\t\t\t\t\t\t<\/div>\n\t\t\t\t<\/div>\n\t\t\t\t<div class=\"elementor-element elementor-element-3ad6d83 elementor-widget elementor-widget-spacer\" data-id=\"3ad6d83\" data-element_type=\"widget\" data-widget_type=\"spacer.default\">\n\t\t\t\t<div class=\"elementor-widget-container\">\n\t\t\t\t\t<div class=\"elementor-spacer\">\n\t\t\t<div class=\"elementor-spacer-inner\"><\/div>\n\t\t<\/div>\n\t\t\t\t<\/div>\n\t\t\t\t<\/div>\n\t\t\t\t\t\t<\/div>\n\t\t\t\t\t<\/div>\n\t\t<\/div>\n\t\t\t\t\t\t\t\t<\/div>\n\t\t\t\t\t<\/div>\n\t\t<\/section>\n\t\t\t\t\t\t\t\t\t<\/div>\n\t\t\t<\/div>\n\t\t\t\t\t<\/div>\n\t\t","protected":false},"excerpt":{"rendered":"<p>As used in this Terms of Use, \u201cBohinj Apartment\u201d, \u201cwe\u201d or \u201cus\u201d refers to the Bohinj Apartment, by Tja\u0161a De\u017eelan (incorporated in Slovenia with number 2750937000 and with its registered office at Zloganje 38, 8275 \u0160kocjan). In case of unavailable &hellip; <a href=\"https:\/\/bohinj-apartment.com\/en\/terms-conditions\/\">Read More<\/a><\/p>\n","protected":false},"author":1,"featured_media":0,"parent":0,"menu_order":0,"comment_status":"closed","ping_status":"closed","template":"","meta":{"footnotes":""},"class_list":["post-1254","page","type-page","status-publish","hentry"],"yoast_head":"<!-- This site is optimized with the Yoast SEO plugin v27.3 - https:\/\/yoast.com\/product\/yoast-seo-wordpress\/ -->\n<title>Terms &amp; conditions - bohinj-apartment.com<\/title>\n<meta name=\"description\" content=\"Apartma Bohinj vas \u017ee na prvi pogled o\u010dara s pridihom moderne alpske rustike in nudi ob\u010dutek prijetne doma\u010dnosti. Omogo\u010da nastanitev za \u0161tiri osebe. Opremljen je z vsem potrebnim, za kvalitetno pre\u017eivljanje oddiha. Brez te\u017eav se boste odklopili od vrve\u017ea vsakdana, se spo\u010dili in napolnili s pozitivno energijo.\" \/>\n<meta name=\"robots\" content=\"index, follow, max-snippet:-1, max-image-preview:large, max-video-preview:-1\" \/>\n<link rel=\"canonical\" href=\"https:\/\/bohinj-apartment.com\/splosni-pogoji\/\" \/>\n<meta property=\"og:locale\" content=\"en_US\" \/>\n<meta property=\"og:type\" content=\"article\" \/>\n<meta property=\"og:title\" content=\"Terms &amp; conditions - bohinj-apartment.com\" \/>\n<meta property=\"og:description\" content=\"Apartma Bohinj vas \u017ee na prvi pogled o\u010dara s pridihom moderne alpske rustike in nudi ob\u010dutek prijetne doma\u010dnosti. Omogo\u010da nastanitev za \u0161tiri osebe. Opremljen je z vsem potrebnim, za kvalitetno pre\u017eivljanje oddiha. Brez te\u017eav se boste odklopili od vrve\u017ea vsakdana, se spo\u010dili in napolnili s pozitivno energijo.\" \/>\n<meta property=\"og:url\" content=\"https:\/\/bohinj-apartment.com\/splosni-pogoji\/\" \/>\n<meta property=\"og:site_name\" content=\"bohinj-apartment.com\" \/>\n<meta property=\"article:modified_time\" content=\"2025-04-25T12:31:45+00:00\" \/>\n<meta name=\"twitter:card\" content=\"summary_large_image\" \/>\n<meta name=\"twitter:label1\" content=\"Est. reading time\" \/>\n\t<meta name=\"twitter:data1\" content=\"5 minutes\" \/>\n<script type=\"application\/ld+json\" class=\"yoast-schema-graph\">{\"@context\":\"https:\\\/\\\/schema.org\",\"@graph\":[{\"@type\":\"WebPage\",\"@id\":\"https:\\\/\\\/bohinj-apartment.com\\\/splosni-pogoji\\\/\",\"url\":\"https:\\\/\\\/bohinj-apartment.com\\\/splosni-pogoji\\\/\",\"name\":\"Terms & conditions - bohinj-apartment.com\",\"isPartOf\":{\"@id\":\"https:\\\/\\\/bohinj-apartment.com\\\/#website\"},\"datePublished\":\"2022-06-01T13:41:10+00:00\",\"dateModified\":\"2025-04-25T12:31:45+00:00\",\"description\":\"Apartma Bohinj vas \u017ee na prvi pogled o\u010dara s pridihom moderne alpske rustike in nudi ob\u010dutek prijetne doma\u010dnosti. Omogo\u010da nastanitev za \u0161tiri osebe. Opremljen je z vsem potrebnim, za kvalitetno pre\u017eivljanje oddiha. Brez te\u017eav se boste odklopili od vrve\u017ea vsakdana, se spo\u010dili in napolnili s pozitivno energijo.\",\"breadcrumb\":{\"@id\":\"https:\\\/\\\/bohinj-apartment.com\\\/splosni-pogoji\\\/#breadcrumb\"},\"inLanguage\":\"en-US\",\"potentialAction\":[{\"@type\":\"ReadAction\",\"target\":[\"https:\\\/\\\/bohinj-apartment.com\\\/splosni-pogoji\\\/\"]}]},{\"@type\":\"BreadcrumbList\",\"@id\":\"https:\\\/\\\/bohinj-apartment.com\\\/splosni-pogoji\\\/#breadcrumb\",\"itemListElement\":[{\"@type\":\"ListItem\",\"position\":1,\"name\":\"Home\",\"item\":\"https:\\\/\\\/bohinj-apartment.com\\\/\"},{\"@type\":\"ListItem\",\"position\":2,\"name\":\"Terms &#038; conditions\"}]},{\"@type\":\"WebSite\",\"@id\":\"https:\\\/\\\/bohinj-apartment.com\\\/#website\",\"url\":\"https:\\\/\\\/bohinj-apartment.com\\\/\",\"name\":\"bohinj-apartment.com\",\"description\":\"O\u010darljiv apartma Bohinj, se nahaja v mirni, idili\u010dni vasici Rib\u010dev Laz.\",\"publisher\":{\"@id\":\"https:\\\/\\\/bohinj-apartment.com\\\/#organization\"},\"potentialAction\":[{\"@type\":\"SearchAction\",\"target\":{\"@type\":\"EntryPoint\",\"urlTemplate\":\"https:\\\/\\\/bohinj-apartment.com\\\/?s={search_term_string}\"},\"query-input\":{\"@type\":\"PropertyValueSpecification\",\"valueRequired\":true,\"valueName\":\"search_term_string\"}}],\"inLanguage\":\"en-US\"},{\"@type\":\"Organization\",\"@id\":\"https:\\\/\\\/bohinj-apartment.com\\\/#organization\",\"name\":\"Apartma Bohinj\",\"url\":\"https:\\\/\\\/bohinj-apartment.com\\\/\",\"logo\":{\"@type\":\"ImageObject\",\"inLanguage\":\"en-US\",\"@id\":\"https:\\\/\\\/bohinj-apartment.com\\\/#\\\/schema\\\/logo\\\/image\\\/\",\"url\":\"https:\\\/\\\/bohinj-apartment.com\\\/wp-content\\\/uploads\\\/2022\\\/05\\\/cropped-favicon.jpg\",\"contentUrl\":\"https:\\\/\\\/bohinj-apartment.com\\\/wp-content\\\/uploads\\\/2022\\\/05\\\/cropped-favicon.jpg\",\"width\":512,\"height\":512,\"caption\":\"Apartma Bohinj\"},\"image\":{\"@id\":\"https:\\\/\\\/bohinj-apartment.com\\\/#\\\/schema\\\/logo\\\/image\\\/\"}}]}<\/script>\n<!-- \/ Yoast SEO plugin. -->","yoast_head_json":{"title":"Terms & conditions - bohinj-apartment.com","description":"Apartma Bohinj vas \u017ee na prvi pogled o\u010dara s pridihom moderne alpske rustike in nudi ob\u010dutek prijetne doma\u010dnosti. Omogo\u010da nastanitev za \u0161tiri osebe. Opremljen je z vsem potrebnim, za kvalitetno pre\u017eivljanje oddiha. Brez te\u017eav se boste odklopili od vrve\u017ea vsakdana, se spo\u010dili in napolnili s pozitivno energijo.","robots":{"index":"index","follow":"follow","max-snippet":"max-snippet:-1","max-image-preview":"max-image-preview:large","max-video-preview":"max-video-preview:-1"},"canonical":"https:\/\/bohinj-apartment.com\/splosni-pogoji\/","og_locale":"en_US","og_type":"article","og_title":"Terms & conditions - bohinj-apartment.com","og_description":"Apartma Bohinj vas \u017ee na prvi pogled o\u010dara s pridihom moderne alpske rustike in nudi ob\u010dutek prijetne doma\u010dnosti. Omogo\u010da nastanitev za \u0161tiri osebe. Opremljen je z vsem potrebnim, za kvalitetno pre\u017eivljanje oddiha. Brez te\u017eav se boste odklopili od vrve\u017ea vsakdana, se spo\u010dili in napolnili s pozitivno energijo.","og_url":"https:\/\/bohinj-apartment.com\/splosni-pogoji\/","og_site_name":"bohinj-apartment.com","article_modified_time":"2025-04-25T12:31:45+00:00","twitter_card":"summary_large_image","twitter_misc":{"Est. reading time":"5 minutes"},"schema":{"@context":"https:\/\/schema.org","@graph":[{"@type":"WebPage","@id":"https:\/\/bohinj-apartment.com\/splosni-pogoji\/","url":"https:\/\/bohinj-apartment.com\/splosni-pogoji\/","name":"Terms & conditions - bohinj-apartment.com","isPartOf":{"@id":"https:\/\/bohinj-apartment.com\/#website"},"datePublished":"2022-06-01T13:41:10+00:00","dateModified":"2025-04-25T12:31:45+00:00","description":"Apartma Bohinj vas \u017ee na prvi pogled o\u010dara s pridihom moderne alpske rustike in nudi ob\u010dutek prijetne doma\u010dnosti. Omogo\u010da nastanitev za \u0161tiri osebe. Opremljen je z vsem potrebnim, za kvalitetno pre\u017eivljanje oddiha. Brez te\u017eav se boste odklopili od vrve\u017ea vsakdana, se spo\u010dili in napolnili s pozitivno energijo.","breadcrumb":{"@id":"https:\/\/bohinj-apartment.com\/splosni-pogoji\/#breadcrumb"},"inLanguage":"en-US","potentialAction":[{"@type":"ReadAction","target":["https:\/\/bohinj-apartment.com\/splosni-pogoji\/"]}]},{"@type":"BreadcrumbList","@id":"https:\/\/bohinj-apartment.com\/splosni-pogoji\/#breadcrumb","itemListElement":[{"@type":"ListItem","position":1,"name":"Home","item":"https:\/\/bohinj-apartment.com\/"},{"@type":"ListItem","position":2,"name":"Terms &#038; conditions"}]},{"@type":"WebSite","@id":"https:\/\/bohinj-apartment.com\/#website","url":"https:\/\/bohinj-apartment.com\/","name":"bohinj-apartment.com","description":"O\u010darljiv apartma Bohinj, se nahaja v mirni, idili\u010dni vasici Rib\u010dev Laz.","publisher":{"@id":"https:\/\/bohinj-apartment.com\/#organization"},"potentialAction":[{"@type":"SearchAction","target":{"@type":"EntryPoint","urlTemplate":"https:\/\/bohinj-apartment.com\/?s={search_term_string}"},"query-input":{"@type":"PropertyValueSpecification","valueRequired":true,"valueName":"search_term_string"}}],"inLanguage":"en-US"},{"@type":"Organization","@id":"https:\/\/bohinj-apartment.com\/#organization","name":"Apartma Bohinj","url":"https:\/\/bohinj-apartment.com\/","logo":{"@type":"ImageObject","inLanguage":"en-US","@id":"https:\/\/bohinj-apartment.com\/#\/schema\/logo\/image\/","url":"https:\/\/bohinj-apartment.com\/wp-content\/uploads\/2022\/05\/cropped-favicon.jpg","contentUrl":"https:\/\/bohinj-apartment.com\/wp-content\/uploads\/2022\/05\/cropped-favicon.jpg","width":512,"height":512,"caption":"Apartma Bohinj"},"image":{"@id":"https:\/\/bohinj-apartment.com\/#\/schema\/logo\/image\/"}}]}},"_links":{"self":[{"href":"https:\/\/bohinj-apartment.com\/en\/wp-json\/wp\/v2\/pages\/1254","targetHints":{"allow":["GET"]}}],"collection":[{"href":"https:\/\/bohinj-apartment.com\/en\/wp-json\/wp\/v2\/pages"}],"about":[{"href":"https:\/\/bohinj-apartment.com\/en\/wp-json\/wp\/v2\/types\/page"}],"author":[{"embeddable":true,"href":"https:\/\/bohinj-apartment.com\/en\/wp-json\/wp\/v2\/users\/1"}],"replies":[{"embeddable":true,"href":"https:\/\/bohinj-apartment.com\/en\/wp-json\/wp\/v2\/comments?post=1254"}],"version-history":[{"count":10,"href":"https:\/\/bohinj-apartment.com\/en\/wp-json\/wp\/v2\/pages\/1254\/revisions"}],"predecessor-version":[{"id":2029,"href":"https:\/\/bohinj-apartment.com\/en\/wp-json\/wp\/v2\/pages\/1254\/revisions\/2029"}],"wp:attachment":[{"href":"https:\/\/bohinj-apartment.com\/en\/wp-json\/wp\/v2\/media?parent=1254"}],"curies":[{"name":"wp","href":"https:\/\/api.w.org\/{rel}","templated":true}]}}