{"id":1439,"date":"2022-06-07T12:32:24","date_gmt":"2022-06-07T12:32:24","guid":{"rendered":"https:\/\/bohinj-apartment.com\/price-list\/"},"modified":"2025-05-19T05:23:18","modified_gmt":"2025-05-19T05:23:18","slug":"price-list","status":"publish","type":"page","link":"https:\/\/bohinj-apartment.com\/en\/price-list\/","title":{"rendered":"Price List"},"content":{"rendered":"\t\t<div data-elementor-type=\"wp-page\" data-elementor-id=\"1439\" class=\"elementor elementor-1439 elementor-929\">\n\t\t\t\t\t\t<div class=\"elementor-inner\">\n\t\t\t\t<div class=\"elementor-section-wrap\">\n\t\t\t\t\t\t\t\t\t<section class=\"elementor-section elementor-top-section elementor-element elementor-element-7a4922d elementor-section-boxed elementor-section-height-default elementor-section-height-default\" data-id=\"7a4922d\" data-element_type=\"section\">\n\t\t\t\t\t\t<div class=\"elementor-container elementor-column-gap-default\">\n\t\t\t\t\t\t\t<div class=\"elementor-row\">\n\t\t\t\t\t<div class=\"elementor-column elementor-col-100 elementor-top-column elementor-element elementor-element-2cd87c8\" data-id=\"2cd87c8\" data-element_type=\"column\">\n\t\t\t<div class=\"elementor-column-wrap elementor-element-populated\">\n\t\t\t\t\t\t\t<div class=\"elementor-widget-wrap\">\n\t\t\t\t\t\t<div class=\"elementor-element elementor-element-1084908 elementor-hidden-desktop elementor-hidden-tablet elementor-hidden-mobile elementor-widget elementor-widget-html\" data-id=\"1084908\" data-element_type=\"widget\" data-widget_type=\"html.default\">\n\t\t\t\t<div class=\"elementor-widget-container\">\n\t\t\t<div class=\"ba-cenik-tabel\">\r\n<table>\r\n    <tr>\r\n        <td><\/td>\r\n        <td><b>HIGH SEASON - Summer<\/b><br>May 15 \u2013 September 30<br><br><b>HIGH SEASON \u2013 Winter<\/b><br>December 23 \u2013 January 3\r\n<br><br>(min 3 nights)\r\n        <\/td>\r\n        <td><b>MID SEASON \u2013 Autumn<\/b><br>October 1 \u2013 December 22<br><br><b>MID SEASON \u2013 Spring\r\n<\/b><br>January 4 \u2013 May 14<br><br>(min 3 nights)\r\n        <\/td>\r\n    <\/tr>\r\n    <tr>\r\n        <td>2 adult person\/nights<\/td>\r\n        <td>170 \u20ac<\/td>\r\n        <td>120 \u20ac<\/td>\r\n    <\/tr>\r\n<\/table>\r\n<\/div>\t\t<\/div>\n\t\t\t\t<\/div>\n\t\t\t\t<div class=\"elementor-element elementor-element-b17f102 elementor-widget elementor-widget-html\" data-id=\"b17f102\" data-element_type=\"widget\" data-widget_type=\"html.default\">\n\t\t\t\t<div class=\"elementor-widget-container\">\n\t\t\t<script src=\"\/\/www.bentral.com\/service\/embed\/price-list.js?uid=5f5451314e6a634d&unit=5f5451314e6a634d&id=5f6a45344f515f4e&width=full&key=85e09522e6ec6949b4e3ab72722fdc10\"><\/script>\t\t<\/div>\n\t\t\t\t<\/div>\n\t\t\t\t\t\t<\/div>\n\t\t\t\t\t<\/div>\n\t\t<\/div>\n\t\t\t\t\t\t\t\t<\/div>\n\t\t\t\t\t<\/div>\n\t\t<\/section>\n\t\t\t\t<section class=\"elementor-section elementor-top-section elementor-element elementor-element-52f5ff4 elementor-section-boxed elementor-section-height-default elementor-section-height-default\" data-id=\"52f5ff4\" data-element_type=\"section\">\n\t\t\t\t\t\t<div class=\"elementor-container elementor-column-gap-default\">\n\t\t\t\t\t\t\t<div class=\"elementor-row\">\n\t\t\t\t\t<div class=\"elementor-column elementor-col-100 elementor-top-column elementor-element elementor-element-ecb95ba\" data-id=\"ecb95ba\" data-element_type=\"column\">\n\t\t\t<div class=\"elementor-column-wrap elementor-element-populated\">\n\t\t\t\t\t\t\t<div class=\"elementor-widget-wrap\">\n\t\t\t\t\t\t<div class=\"elementor-element elementor-element-b282de1 elementor-widget elementor-widget-text-editor\" data-id=\"b282de1\" data-element_type=\"widget\" data-widget_type=\"text-editor.default\">\n\t\t\t\t<div class=\"elementor-widget-container\">\n\t\t\t\t\t\t\t\t<div class=\"elementor-text-editor elementor-clearfix\">\n\t\t\t\t<p><b>Additional child up to 18 years:<\/b><span style=\"font-weight: 400;\"> \u20ac10\/day<\/span><span style=\"font-weight: 400;\"><br \/><\/span><b>Additional adult:<\/b><span style=\"font-weight: 400;\"> \u20ac15\/day<\/span><\/p><p>\u00a0<\/p><p><b>Tourist tax for overnight stay is \u20ac2.00\/person\/night.<\/b><span style=\"font-weight: 400;\"><br \/><\/span><span style=\"font-weight: 400;\">Based on this, the promotional tax is \u20ac0.50\/person\/night.<\/span><span style=\"font-weight: 400;\"><br \/><\/span><span style=\"font-weight: 400;\">The total amount of both taxes is \u20ac2.50\/person\/night.<\/span><b>\u00a0<\/b><\/p><p>\u00a0<\/p><p><b>Check-in and Check-out Times:<\/b><\/p><ul><li style=\"font-weight: 400;\" aria-level=\"1\"><span style=\"font-weight: 400;\">Check-in time is from 3:00 PM on the day of arrival.<\/span><\/li><li style=\"font-weight: 400;\" aria-level=\"1\"><span style=\"font-weight: 400;\">Check-out time is by 10:00 AM on the day of departure.<\/span><\/li><\/ul><p>\u00a0<\/p><p><span style=\"font-weight: 400;\">In case of a later arrival or departure, please call us, and we will do our best to accommodate your wishes. Please read the General Terms and Conditions for our cancellation policy.<\/span><\/p><p>\u00a0<\/p><p><b>We wish you a pleasant stay!<\/b><\/p><p><i><span style=\"font-weight: 400;\">The price list is valid from November 25, 2024.<\/span><\/i><\/p>\t\t\t\t\t<\/div>\n\t\t\t\t\t\t<\/div>\n\t\t\t\t<\/div>\n\t\t\t\t\t\t<\/div>\n\t\t\t\t\t<\/div>\n\t\t<\/div>\n\t\t\t\t\t\t\t\t<\/div>\n\t\t\t\t\t<\/div>\n\t\t<\/section>\n\t\t\t\t\t\t\t\t\t<\/div>\n\t\t\t<\/div>\n\t\t\t\t\t<\/div>\n\t\t","protected":false},"excerpt":{"rendered":"<p>HIGH SEASON &#8211; SummerMay 15 \u2013 September 30 HIGH SEASON \u2013 WinterDecember 23 \u2013 January 3 (min 3 nights) MID SEASON \u2013 AutumnOctober 1 \u2013 December 22 MID SEASON \u2013 Spring January 4 \u2013 May 14 (min 3 nights) 2 &hellip; <a href=\"https:\/\/bohinj-apartment.com\/en\/price-list\/\">Read More<\/a><\/p>\n","protected":false},"author":1,"featured_media":0,"parent":0,"menu_order":0,"comment_status":"closed","ping_status":"closed","template":"","meta":{"footnotes":""},"class_list":["post-1439","page","type-page","status-publish","hentry"],"yoast_head":"<!-- This site is optimized with the Yoast SEO plugin v27.3 - https:\/\/yoast.com\/product\/yoast-seo-wordpress\/ -->\n<title>Price List - bohinj-apartment.com<\/title>\n<meta name=\"description\" content=\"Apartma Bohinj vas \u017ee na prvi pogled o\u010dara s pridihom moderne alpske rustike in nudi ob\u010dutek prijetne doma\u010dnosti. Omogo\u010da nastanitev za \u0161tiri osebe. Opremljen je z vsem potrebnim, za kvalitetno pre\u017eivljanje oddiha. Brez te\u017eav se boste odklopili od vrve\u017ea vsakdana, se spo\u010dili in napolnili s pozitivno energijo.\" \/>\n<meta name=\"robots\" content=\"index, follow, max-snippet:-1, max-image-preview:large, max-video-preview:-1\" \/>\n<link rel=\"canonical\" href=\"https:\/\/bohinj-apartment.com\/cenik\/\" \/>\n<meta property=\"og:locale\" content=\"en_US\" \/>\n<meta property=\"og:type\" content=\"article\" \/>\n<meta property=\"og:title\" content=\"Price List - bohinj-apartment.com\" \/>\n<meta property=\"og:description\" content=\"Apartma Bohinj vas \u017ee na prvi pogled o\u010dara s pridihom moderne alpske rustike in nudi ob\u010dutek prijetne doma\u010dnosti. Omogo\u010da nastanitev za \u0161tiri osebe. Opremljen je z vsem potrebnim, za kvalitetno pre\u017eivljanje oddiha. Brez te\u017eav se boste odklopili od vrve\u017ea vsakdana, se spo\u010dili in napolnili s pozitivno energijo.\" \/>\n<meta property=\"og:url\" content=\"https:\/\/bohinj-apartment.com\/cenik\/\" \/>\n<meta property=\"og:site_name\" content=\"bohinj-apartment.com\" \/>\n<meta property=\"article:modified_time\" content=\"2025-05-19T05:23:18+00:00\" \/>\n<meta name=\"twitter:card\" content=\"summary_large_image\" \/>\n<meta name=\"twitter:label1\" content=\"Est. reading time\" \/>\n\t<meta name=\"twitter:data1\" content=\"1 minute\" \/>\n<script type=\"application\/ld+json\" class=\"yoast-schema-graph\">{\"@context\":\"https:\\\/\\\/schema.org\",\"@graph\":[{\"@type\":\"WebPage\",\"@id\":\"https:\\\/\\\/bohinj-apartment.com\\\/cenik\\\/\",\"url\":\"https:\\\/\\\/bohinj-apartment.com\\\/cenik\\\/\",\"name\":\"Price List - bohinj-apartment.com\",\"isPartOf\":{\"@id\":\"https:\\\/\\\/bohinj-apartment.com\\\/#website\"},\"datePublished\":\"2022-06-07T12:32:24+00:00\",\"dateModified\":\"2025-05-19T05:23:18+00:00\",\"description\":\"Apartma Bohinj vas \u017ee na prvi pogled o\u010dara s pridihom moderne alpske rustike in nudi ob\u010dutek prijetne doma\u010dnosti. Omogo\u010da nastanitev za \u0161tiri osebe. Opremljen je z vsem potrebnim, za kvalitetno pre\u017eivljanje oddiha. Brez te\u017eav se boste odklopili od vrve\u017ea vsakdana, se spo\u010dili in napolnili s pozitivno energijo.\",\"breadcrumb\":{\"@id\":\"https:\\\/\\\/bohinj-apartment.com\\\/cenik\\\/#breadcrumb\"},\"inLanguage\":\"en-US\",\"potentialAction\":[{\"@type\":\"ReadAction\",\"target\":[\"https:\\\/\\\/bohinj-apartment.com\\\/cenik\\\/\"]}]},{\"@type\":\"BreadcrumbList\",\"@id\":\"https:\\\/\\\/bohinj-apartment.com\\\/cenik\\\/#breadcrumb\",\"itemListElement\":[{\"@type\":\"ListItem\",\"position\":1,\"name\":\"Home\",\"item\":\"https:\\\/\\\/bohinj-apartment.com\\\/\"},{\"@type\":\"ListItem\",\"position\":2,\"name\":\"Price List\"}]},{\"@type\":\"WebSite\",\"@id\":\"https:\\\/\\\/bohinj-apartment.com\\\/#website\",\"url\":\"https:\\\/\\\/bohinj-apartment.com\\\/\",\"name\":\"bohinj-apartment.com\",\"description\":\"O\u010darljiv apartma Bohinj, se nahaja v mirni, idili\u010dni vasici Rib\u010dev Laz.\",\"publisher\":{\"@id\":\"https:\\\/\\\/bohinj-apartment.com\\\/#organization\"},\"potentialAction\":[{\"@type\":\"SearchAction\",\"target\":{\"@type\":\"EntryPoint\",\"urlTemplate\":\"https:\\\/\\\/bohinj-apartment.com\\\/?s={search_term_string}\"},\"query-input\":{\"@type\":\"PropertyValueSpecification\",\"valueRequired\":true,\"valueName\":\"search_term_string\"}}],\"inLanguage\":\"en-US\"},{\"@type\":\"Organization\",\"@id\":\"https:\\\/\\\/bohinj-apartment.com\\\/#organization\",\"name\":\"Apartma Bohinj\",\"url\":\"https:\\\/\\\/bohinj-apartment.com\\\/\",\"logo\":{\"@type\":\"ImageObject\",\"inLanguage\":\"en-US\",\"@id\":\"https:\\\/\\\/bohinj-apartment.com\\\/#\\\/schema\\\/logo\\\/image\\\/\",\"url\":\"https:\\\/\\\/bohinj-apartment.com\\\/wp-content\\\/uploads\\\/2022\\\/05\\\/cropped-favicon.jpg\",\"contentUrl\":\"https:\\\/\\\/bohinj-apartment.com\\\/wp-content\\\/uploads\\\/2022\\\/05\\\/cropped-favicon.jpg\",\"width\":512,\"height\":512,\"caption\":\"Apartma Bohinj\"},\"image\":{\"@id\":\"https:\\\/\\\/bohinj-apartment.com\\\/#\\\/schema\\\/logo\\\/image\\\/\"}}]}<\/script>\n<!-- \/ Yoast SEO plugin. -->","yoast_head_json":{"title":"Price List - bohinj-apartment.com","description":"Apartma Bohinj vas \u017ee na prvi pogled o\u010dara s pridihom moderne alpske rustike in nudi ob\u010dutek prijetne doma\u010dnosti. Omogo\u010da nastanitev za \u0161tiri osebe. Opremljen je z vsem potrebnim, za kvalitetno pre\u017eivljanje oddiha. Brez te\u017eav se boste odklopili od vrve\u017ea vsakdana, se spo\u010dili in napolnili s pozitivno energijo.","robots":{"index":"index","follow":"follow","max-snippet":"max-snippet:-1","max-image-preview":"max-image-preview:large","max-video-preview":"max-video-preview:-1"},"canonical":"https:\/\/bohinj-apartment.com\/cenik\/","og_locale":"en_US","og_type":"article","og_title":"Price List - bohinj-apartment.com","og_description":"Apartma Bohinj vas \u017ee na prvi pogled o\u010dara s pridihom moderne alpske rustike in nudi ob\u010dutek prijetne doma\u010dnosti. Omogo\u010da nastanitev za \u0161tiri osebe. Opremljen je z vsem potrebnim, za kvalitetno pre\u017eivljanje oddiha. Brez te\u017eav se boste odklopili od vrve\u017ea vsakdana, se spo\u010dili in napolnili s pozitivno energijo.","og_url":"https:\/\/bohinj-apartment.com\/cenik\/","og_site_name":"bohinj-apartment.com","article_modified_time":"2025-05-19T05:23:18+00:00","twitter_card":"summary_large_image","twitter_misc":{"Est. reading time":"1 minute"},"schema":{"@context":"https:\/\/schema.org","@graph":[{"@type":"WebPage","@id":"https:\/\/bohinj-apartment.com\/cenik\/","url":"https:\/\/bohinj-apartment.com\/cenik\/","name":"Price List - bohinj-apartment.com","isPartOf":{"@id":"https:\/\/bohinj-apartment.com\/#website"},"datePublished":"2022-06-07T12:32:24+00:00","dateModified":"2025-05-19T05:23:18+00:00","description":"Apartma Bohinj vas \u017ee na prvi pogled o\u010dara s pridihom moderne alpske rustike in nudi ob\u010dutek prijetne doma\u010dnosti. Omogo\u010da nastanitev za \u0161tiri osebe. Opremljen je z vsem potrebnim, za kvalitetno pre\u017eivljanje oddiha. Brez te\u017eav se boste odklopili od vrve\u017ea vsakdana, se spo\u010dili in napolnili s pozitivno energijo.","breadcrumb":{"@id":"https:\/\/bohinj-apartment.com\/cenik\/#breadcrumb"},"inLanguage":"en-US","potentialAction":[{"@type":"ReadAction","target":["https:\/\/bohinj-apartment.com\/cenik\/"]}]},{"@type":"BreadcrumbList","@id":"https:\/\/bohinj-apartment.com\/cenik\/#breadcrumb","itemListElement":[{"@type":"ListItem","position":1,"name":"Home","item":"https:\/\/bohinj-apartment.com\/"},{"@type":"ListItem","position":2,"name":"Price List"}]},{"@type":"WebSite","@id":"https:\/\/bohinj-apartment.com\/#website","url":"https:\/\/bohinj-apartment.com\/","name":"bohinj-apartment.com","description":"O\u010darljiv apartma Bohinj, se nahaja v mirni, idili\u010dni vasici Rib\u010dev Laz.","publisher":{"@id":"https:\/\/bohinj-apartment.com\/#organization"},"potentialAction":[{"@type":"SearchAction","target":{"@type":"EntryPoint","urlTemplate":"https:\/\/bohinj-apartment.com\/?s={search_term_string}"},"query-input":{"@type":"PropertyValueSpecification","valueRequired":true,"valueName":"search_term_string"}}],"inLanguage":"en-US"},{"@type":"Organization","@id":"https:\/\/bohinj-apartment.com\/#organization","name":"Apartma Bohinj","url":"https:\/\/bohinj-apartment.com\/","logo":{"@type":"ImageObject","inLanguage":"en-US","@id":"https:\/\/bohinj-apartment.com\/#\/schema\/logo\/image\/","url":"https:\/\/bohinj-apartment.com\/wp-content\/uploads\/2022\/05\/cropped-favicon.jpg","contentUrl":"https:\/\/bohinj-apartment.com\/wp-content\/uploads\/2022\/05\/cropped-favicon.jpg","width":512,"height":512,"caption":"Apartma Bohinj"},"image":{"@id":"https:\/\/bohinj-apartment.com\/#\/schema\/logo\/image\/"}}]}},"_links":{"self":[{"href":"https:\/\/bohinj-apartment.com\/en\/wp-json\/wp\/v2\/pages\/1439","targetHints":{"allow":["GET"]}}],"collection":[{"href":"https:\/\/bohinj-apartment.com\/en\/wp-json\/wp\/v2\/pages"}],"about":[{"href":"https:\/\/bohinj-apartment.com\/en\/wp-json\/wp\/v2\/types\/page"}],"author":[{"embeddable":true,"href":"https:\/\/bohinj-apartment.com\/en\/wp-json\/wp\/v2\/users\/1"}],"replies":[{"embeddable":true,"href":"https:\/\/bohinj-apartment.com\/en\/wp-json\/wp\/v2\/comments?post=1439"}],"version-history":[{"count":16,"href":"https:\/\/bohinj-apartment.com\/en\/wp-json\/wp\/v2\/pages\/1439\/revisions"}],"predecessor-version":[{"id":2090,"href":"https:\/\/bohinj-apartment.com\/en\/wp-json\/wp\/v2\/pages\/1439\/revisions\/2090"}],"wp:attachment":[{"href":"https:\/\/bohinj-apartment.com\/en\/wp-json\/wp\/v2\/media?parent=1439"}],"curies":[{"name":"wp","href":"https:\/\/api.w.org\/{rel}","templated":true}]}}