{"id":1452,"date":"2022-05-16T12:12:47","date_gmt":"2022-05-16T12:12:47","guid":{"rendered":"https:\/\/bohinj-apartment.com\/contact-us\/"},"modified":"2022-07-01T09:38:49","modified_gmt":"2022-07-01T09:38:49","slug":"contact-us","status":"publish","type":"page","link":"https:\/\/bohinj-apartment.com\/en\/contact-us\/","title":{"rendered":"Contact us"},"content":{"rendered":"\t\t<div data-elementor-type=\"wp-page\" data-elementor-id=\"1452\" class=\"elementor elementor-1452 elementor-146\">\n\t\t\t\t\t\t<div class=\"elementor-inner\">\n\t\t\t\t<div class=\"elementor-section-wrap\">\n\t\t\t\t\t\t\t\t\t<section class=\"elementor-section elementor-top-section elementor-element elementor-element-8397ef2 elementor-section-boxed elementor-section-height-default elementor-section-height-default\" data-id=\"8397ef2\" data-element_type=\"section\">\n\t\t\t\t\t\t<div class=\"elementor-container elementor-column-gap-default\">\n\t\t\t\t\t\t\t<div class=\"elementor-row\">\n\t\t\t\t\t<div class=\"elementor-column elementor-col-100 elementor-top-column elementor-element elementor-element-b657d1f\" data-id=\"b657d1f\" data-element_type=\"column\">\n\t\t\t<div class=\"elementor-column-wrap elementor-element-populated\">\n\t\t\t\t\t\t\t<div class=\"elementor-widget-wrap\">\n\t\t\t\t<!-- Themovaiton Sidebar Wrap before --><div class=\"sidebar th-widget-area th-sidebar-widget\">\t\t<div class=\"elementor-element elementor-element-d584578 elementor-widget elementor-widget-sidebar\" data-id=\"d584578\" data-element_type=\"widget\" data-widget_type=\"sidebar.default\">\n\t\t\t\t<div class=\"elementor-widget-container\">\n\t\t\t\n\t\t\t\t<section class=\"widget widget-th-contact-info\">\n\t\t\t<div class=\"widget-inner\">\n\t\t\t\t\t\t\t\t\t<h3 class=\"widget-title\">CONTACT US<\/h3>\n\t\t\t\t\t\t\t\t<div class=\"th-contact-info-widget\">\n\t\t\t\t\t<div class='icon-blocks'><div class=\"icon-block\"><p><a target='_blank' href='mailto:info@bohinj-apartment.com'><i class='fa fa-envelope-open-o'><\/i><span>info@bohinj-apartment.com<\/span><\/a><\/p><\/div><div class=\"icon-block\"><p><a target='_blank' href='tel:0038631391086'><i class='fa fa-mobile'><\/i><span>+386 31 391 086<\/span><\/a><\/p><\/div><div class=\"icon-block\"><p><a target='_blank' href='https:\/\/goo.gl\/maps\/fAkKu4xbLUq31w4A6'><i class='fa fa-map-o'><\/i><span>Rib\u010dev laz 45f, 4265 Bohinjsko jezero<\/span><\/a><\/p><\/div><\/div>\t\t\t\t<\/div>\n\t\t\t<\/div>\n\t\t<\/section>\n\n\t\t\t\t<\/div>\n\t\t\t\t<\/div>\n\t\t<\/div><!-- Themovaiton Sidebar Wrap after -->\t\t\t\t<\/div>\n\t\t\t\t\t<\/div>\n\t\t<\/div>\n\t\t\t\t\t\t\t\t<\/div>\n\t\t\t\t\t<\/div>\n\t\t<\/section>\n\t\t\t\t<section class=\"elementor-section elementor-top-section elementor-element elementor-element-1475309 elementor-section-full_width elementor-section-height-default elementor-section-height-default\" data-id=\"1475309\" data-element_type=\"section\">\n\t\t\t\t\t\t<div class=\"elementor-container elementor-column-gap-default\">\n\t\t\t\t\t\t\t<div class=\"elementor-row\">\n\t\t\t\t\t<div class=\"elementor-column elementor-col-100 elementor-top-column elementor-element elementor-element-3f15902\" data-id=\"3f15902\" data-element_type=\"column\">\n\t\t\t<div class=\"elementor-column-wrap elementor-element-populated\">\n\t\t\t\t\t\t\t<div class=\"elementor-widget-wrap\">\n\t\t\t\t\t\t<div class=\"elementor-element elementor-element-94fea57 elementor-widget elementor-widget-html\" data-id=\"94fea57\" data-element_type=\"widget\" data-widget_type=\"html.default\">\n\t\t\t\t<div class=\"elementor-widget-container\">\n\t\t\t<iframe src=\"https:\/\/www.google.com\/maps\/embed?pb=!1m18!1m12!1m3!1d868.6000424198496!2d13.890846842494442!3d46.2773804183854!2m3!1f0!2f0!3f0!3m2!1i1024!2i768!4f13.1!3m3!1m2!1s0x477af33a9e17db47%3A0xf1665647d538cc0e!2sRib%C4%8Dev%20Laz%2045f%2C%204265%20Bohinjsko%20jezero!5e0!3m2!1sen!2ssi!4v1654509531703!5m2!1sen!2ssi\" width=\"600\" height=\"450\" style=\"border:0;\" allowfullscreen=\"\" loading=\"lazy\" referrerpolicy=\"no-referrer-when-downgrade\"><\/iframe>\t\t<\/div>\n\t\t\t\t<\/div>\n\t\t\t\t\t\t<\/div>\n\t\t\t\t\t<\/div>\n\t\t<\/div>\n\t\t\t\t\t\t\t\t<\/div>\n\t\t\t\t\t<\/div>\n\t\t<\/section>\n\t\t\t\t\t\t\t\t\t<\/div>\n\t\t\t<\/div>\n\t\t\t\t\t<\/div>\n\t\t","protected":false},"excerpt":{"rendered":"","protected":false},"author":1,"featured_media":0,"parent":0,"menu_order":0,"comment_status":"closed","ping_status":"closed","template":"","meta":{"footnotes":""},"class_list":["post-1452","page","type-page","status-publish","hentry"],"yoast_head":"<!-- This site is optimized with the Yoast SEO plugin v27.3 - https:\/\/yoast.com\/product\/yoast-seo-wordpress\/ -->\n<title>Contact us - bohinj-apartment.com<\/title>\n<meta name=\"description\" content=\"Apartma Bohinj vas \u017ee na prvi pogled o\u010dara s pridihom moderne alpske rustike in nudi ob\u010dutek prijetne doma\u010dnosti. Omogo\u010da nastanitev za \u0161tiri osebe. Opremljen je z vsem potrebnim, za kvalitetno pre\u017eivljanje oddiha. Brez te\u017eav se boste odklopili od vrve\u017ea vsakdana, se spo\u010dili in napolnili s pozitivno energijo.\" \/>\n<meta name=\"robots\" content=\"index, follow, max-snippet:-1, max-image-preview:large, max-video-preview:-1\" \/>\n<link rel=\"canonical\" href=\"https:\/\/bohinj-apartment.com\/kontakt\/\" \/>\n<meta property=\"og:locale\" content=\"en_US\" \/>\n<meta property=\"og:type\" content=\"article\" \/>\n<meta property=\"og:title\" content=\"Contact us - bohinj-apartment.com\" \/>\n<meta property=\"og:description\" content=\"Apartma Bohinj vas \u017ee na prvi pogled o\u010dara s pridihom moderne alpske rustike in nudi ob\u010dutek prijetne doma\u010dnosti. Omogo\u010da nastanitev za \u0161tiri osebe. Opremljen je z vsem potrebnim, za kvalitetno pre\u017eivljanje oddiha. Brez te\u017eav se boste odklopili od vrve\u017ea vsakdana, se spo\u010dili in napolnili s pozitivno energijo.\" \/>\n<meta property=\"og:url\" content=\"https:\/\/bohinj-apartment.com\/kontakt\/\" \/>\n<meta property=\"og:site_name\" content=\"bohinj-apartment.com\" \/>\n<meta property=\"article:modified_time\" content=\"2022-07-01T09:38:49+00:00\" \/>\n<meta name=\"twitter:card\" content=\"summary_large_image\" \/>\n<script type=\"application\/ld+json\" class=\"yoast-schema-graph\">{\"@context\":\"https:\\\/\\\/schema.org\",\"@graph\":[{\"@type\":\"WebPage\",\"@id\":\"https:\\\/\\\/bohinj-apartment.com\\\/kontakt\\\/\",\"url\":\"https:\\\/\\\/bohinj-apartment.com\\\/kontakt\\\/\",\"name\":\"Contact us - bohinj-apartment.com\",\"isPartOf\":{\"@id\":\"https:\\\/\\\/bohinj-apartment.com\\\/#website\"},\"datePublished\":\"2022-05-16T12:12:47+00:00\",\"dateModified\":\"2022-07-01T09:38:49+00:00\",\"description\":\"Apartma Bohinj vas \u017ee na prvi pogled o\u010dara s pridihom moderne alpske rustike in nudi ob\u010dutek prijetne doma\u010dnosti. Omogo\u010da nastanitev za \u0161tiri osebe. Opremljen je z vsem potrebnim, za kvalitetno pre\u017eivljanje oddiha. Brez te\u017eav se boste odklopili od vrve\u017ea vsakdana, se spo\u010dili in napolnili s pozitivno energijo.\",\"breadcrumb\":{\"@id\":\"https:\\\/\\\/bohinj-apartment.com\\\/kontakt\\\/#breadcrumb\"},\"inLanguage\":\"en-US\",\"potentialAction\":[{\"@type\":\"ReadAction\",\"target\":[\"https:\\\/\\\/bohinj-apartment.com\\\/kontakt\\\/\"]}]},{\"@type\":\"BreadcrumbList\",\"@id\":\"https:\\\/\\\/bohinj-apartment.com\\\/kontakt\\\/#breadcrumb\",\"itemListElement\":[{\"@type\":\"ListItem\",\"position\":1,\"name\":\"Home\",\"item\":\"https:\\\/\\\/bohinj-apartment.com\\\/\"},{\"@type\":\"ListItem\",\"position\":2,\"name\":\"Contact us\"}]},{\"@type\":\"WebSite\",\"@id\":\"https:\\\/\\\/bohinj-apartment.com\\\/#website\",\"url\":\"https:\\\/\\\/bohinj-apartment.com\\\/\",\"name\":\"bohinj-apartment.com\",\"description\":\"O\u010darljiv apartma Bohinj, se nahaja v mirni, idili\u010dni vasici Rib\u010dev Laz.\",\"publisher\":{\"@id\":\"https:\\\/\\\/bohinj-apartment.com\\\/#organization\"},\"potentialAction\":[{\"@type\":\"SearchAction\",\"target\":{\"@type\":\"EntryPoint\",\"urlTemplate\":\"https:\\\/\\\/bohinj-apartment.com\\\/?s={search_term_string}\"},\"query-input\":{\"@type\":\"PropertyValueSpecification\",\"valueRequired\":true,\"valueName\":\"search_term_string\"}}],\"inLanguage\":\"en-US\"},{\"@type\":\"Organization\",\"@id\":\"https:\\\/\\\/bohinj-apartment.com\\\/#organization\",\"name\":\"Apartma Bohinj\",\"url\":\"https:\\\/\\\/bohinj-apartment.com\\\/\",\"logo\":{\"@type\":\"ImageObject\",\"inLanguage\":\"en-US\",\"@id\":\"https:\\\/\\\/bohinj-apartment.com\\\/#\\\/schema\\\/logo\\\/image\\\/\",\"url\":\"https:\\\/\\\/bohinj-apartment.com\\\/wp-content\\\/uploads\\\/2022\\\/05\\\/cropped-favicon.jpg\",\"contentUrl\":\"https:\\\/\\\/bohinj-apartment.com\\\/wp-content\\\/uploads\\\/2022\\\/05\\\/cropped-favicon.jpg\",\"width\":512,\"height\":512,\"caption\":\"Apartma Bohinj\"},\"image\":{\"@id\":\"https:\\\/\\\/bohinj-apartment.com\\\/#\\\/schema\\\/logo\\\/image\\\/\"}}]}<\/script>\n<!-- \/ Yoast SEO plugin. -->","yoast_head_json":{"title":"Contact us - bohinj-apartment.com","description":"Apartma Bohinj vas \u017ee na prvi pogled o\u010dara s pridihom moderne alpske rustike in nudi ob\u010dutek prijetne doma\u010dnosti. Omogo\u010da nastanitev za \u0161tiri osebe. Opremljen je z vsem potrebnim, za kvalitetno pre\u017eivljanje oddiha. Brez te\u017eav se boste odklopili od vrve\u017ea vsakdana, se spo\u010dili in napolnili s pozitivno energijo.","robots":{"index":"index","follow":"follow","max-snippet":"max-snippet:-1","max-image-preview":"max-image-preview:large","max-video-preview":"max-video-preview:-1"},"canonical":"https:\/\/bohinj-apartment.com\/kontakt\/","og_locale":"en_US","og_type":"article","og_title":"Contact us - bohinj-apartment.com","og_description":"Apartma Bohinj vas \u017ee na prvi pogled o\u010dara s pridihom moderne alpske rustike in nudi ob\u010dutek prijetne doma\u010dnosti. Omogo\u010da nastanitev za \u0161tiri osebe. Opremljen je z vsem potrebnim, za kvalitetno pre\u017eivljanje oddiha. Brez te\u017eav se boste odklopili od vrve\u017ea vsakdana, se spo\u010dili in napolnili s pozitivno energijo.","og_url":"https:\/\/bohinj-apartment.com\/kontakt\/","og_site_name":"bohinj-apartment.com","article_modified_time":"2022-07-01T09:38:49+00:00","twitter_card":"summary_large_image","schema":{"@context":"https:\/\/schema.org","@graph":[{"@type":"WebPage","@id":"https:\/\/bohinj-apartment.com\/kontakt\/","url":"https:\/\/bohinj-apartment.com\/kontakt\/","name":"Contact us - bohinj-apartment.com","isPartOf":{"@id":"https:\/\/bohinj-apartment.com\/#website"},"datePublished":"2022-05-16T12:12:47+00:00","dateModified":"2022-07-01T09:38:49+00:00","description":"Apartma Bohinj vas \u017ee na prvi pogled o\u010dara s pridihom moderne alpske rustike in nudi ob\u010dutek prijetne doma\u010dnosti. Omogo\u010da nastanitev za \u0161tiri osebe. Opremljen je z vsem potrebnim, za kvalitetno pre\u017eivljanje oddiha. Brez te\u017eav se boste odklopili od vrve\u017ea vsakdana, se spo\u010dili in napolnili s pozitivno energijo.","breadcrumb":{"@id":"https:\/\/bohinj-apartment.com\/kontakt\/#breadcrumb"},"inLanguage":"en-US","potentialAction":[{"@type":"ReadAction","target":["https:\/\/bohinj-apartment.com\/kontakt\/"]}]},{"@type":"BreadcrumbList","@id":"https:\/\/bohinj-apartment.com\/kontakt\/#breadcrumb","itemListElement":[{"@type":"ListItem","position":1,"name":"Home","item":"https:\/\/bohinj-apartment.com\/"},{"@type":"ListItem","position":2,"name":"Contact us"}]},{"@type":"WebSite","@id":"https:\/\/bohinj-apartment.com\/#website","url":"https:\/\/bohinj-apartment.com\/","name":"bohinj-apartment.com","description":"O\u010darljiv apartma Bohinj, se nahaja v mirni, idili\u010dni vasici Rib\u010dev Laz.","publisher":{"@id":"https:\/\/bohinj-apartment.com\/#organization"},"potentialAction":[{"@type":"SearchAction","target":{"@type":"EntryPoint","urlTemplate":"https:\/\/bohinj-apartment.com\/?s={search_term_string}"},"query-input":{"@type":"PropertyValueSpecification","valueRequired":true,"valueName":"search_term_string"}}],"inLanguage":"en-US"},{"@type":"Organization","@id":"https:\/\/bohinj-apartment.com\/#organization","name":"Apartma Bohinj","url":"https:\/\/bohinj-apartment.com\/","logo":{"@type":"ImageObject","inLanguage":"en-US","@id":"https:\/\/bohinj-apartment.com\/#\/schema\/logo\/image\/","url":"https:\/\/bohinj-apartment.com\/wp-content\/uploads\/2022\/05\/cropped-favicon.jpg","contentUrl":"https:\/\/bohinj-apartment.com\/wp-content\/uploads\/2022\/05\/cropped-favicon.jpg","width":512,"height":512,"caption":"Apartma Bohinj"},"image":{"@id":"https:\/\/bohinj-apartment.com\/#\/schema\/logo\/image\/"}}]}},"_links":{"self":[{"href":"https:\/\/bohinj-apartment.com\/en\/wp-json\/wp\/v2\/pages\/1452","targetHints":{"allow":["GET"]}}],"collection":[{"href":"https:\/\/bohinj-apartment.com\/en\/wp-json\/wp\/v2\/pages"}],"about":[{"href":"https:\/\/bohinj-apartment.com\/en\/wp-json\/wp\/v2\/types\/page"}],"author":[{"embeddable":true,"href":"https:\/\/bohinj-apartment.com\/en\/wp-json\/wp\/v2\/users\/1"}],"replies":[{"embeddable":true,"href":"https:\/\/bohinj-apartment.com\/en\/wp-json\/wp\/v2\/comments?post=1452"}],"version-history":[{"count":1,"href":"https:\/\/bohinj-apartment.com\/en\/wp-json\/wp\/v2\/pages\/1452\/revisions"}],"predecessor-version":[{"id":1453,"href":"https:\/\/bohinj-apartment.com\/en\/wp-json\/wp\/v2\/pages\/1452\/revisions\/1453"}],"wp:attachment":[{"href":"https:\/\/bohinj-apartment.com\/en\/wp-json\/wp\/v2\/media?parent=1452"}],"curies":[{"name":"wp","href":"https:\/\/api.w.org\/{rel}","templated":true}]}}